{"id":69,"date":"2023-07-17T14:31:39","date_gmt":"2023-07-17T14:31:39","guid":{"rendered":"http:\/\/noxiy.local\/?page_id=68"},"modified":"2026-04-22T03:57:59","modified_gmt":"2026-04-22T03:57:59","slug":"contact-01","status":"publish","type":"page","link":"https:\/\/mnkseguros.com\/mnks\/contact-01\/","title":{"rendered":"Contactanos"},"content":{"rendered":"\t\t<div data-elementor-type=\"wp-page\" data-elementor-id=\"69\" class=\"elementor elementor-69\" wpc-filter-elementor-widget=\"1\">\n\t\t\t\t\t\t<section class=\"elementor-section elementor-top-section elementor-element elementor-element-9856f4e elementor-section-boxed elementor-section-height-default elementor-section-height-default\" data-id=\"9856f4e\" data-element_type=\"section\" data-e-type=\"section\">\n\t\t\t\t\t\t<div class=\"elementor-container elementor-column-gap-default\">\n\t\t\t\t\t<div class=\"elementor-column elementor-col-25 elementor-top-column elementor-element elementor-element-e3f0028\" data-id=\"e3f0028\" data-element_type=\"column\" data-e-type=\"column\" data-settings=\"{&quot;background_background&quot;:&quot;classic&quot;}\">\n\t\t\t<div class=\"elementor-widget-wrap elementor-element-populated\">\n\t\t\t\t\t\t<div class=\"elementor-element elementor-element-b162239 elementor-widget elementor-widget-image\" data-id=\"b162239\" data-element_type=\"widget\" data-e-type=\"widget\" data-widget_type=\"image.default\">\n\t\t\t\t<div class=\"elementor-widget-container\">\n\t\t\t\t\t\t\t\t\t\t\t\t\t\t\t<img decoding=\"async\" width=\"64\" height=\"64\" src=\"https:\/\/mnkseguros.com\/mnks\/wp-content\/uploads\/2023\/07\/map.png\" class=\"attachment-full size-full wp-image-1526\" alt=\"\" \/>\t\t\t\t\t\t\t\t\t\t\t\t\t\t\t<\/div>\n\t\t\t\t<\/div>\n\t\t\t\t<div class=\"elementor-element elementor-element-b4f89f0 elementor-widget elementor-widget-heading\" data-id=\"b4f89f0\" data-element_type=\"widget\" data-e-type=\"widget\" data-widget_type=\"heading.default\">\n\t\t\t\t<div class=\"elementor-widget-container\">\n\t\t\t\t\t<h4 class=\"elementor-heading-title elementor-size-default\">Direcci\u00f3n<\/h4>\t\t\t\t<\/div>\n\t\t\t\t<\/div>\n\t\t\t\t<div class=\"elementor-element elementor-element-3e101ef elementor-widget elementor-widget-heading\" data-id=\"3e101ef\" data-element_type=\"widget\" data-e-type=\"widget\" data-widget_type=\"heading.default\">\n\t\t\t\t<div class=\"elementor-widget-container\">\n\t\t\t\t\t<span class=\"elementor-heading-title elementor-size-default\"><a href=\"https:\/\/maps.app.goo.gl\/dUdz6AF8np1sBfha8\" target=\"_blank\">San Jos\u00e9, Sabana norte, 100 metros al este de la agencia Datsun-Nissan, edificio MNK Seguros<\/a><\/span>\t\t\t\t<\/div>\n\t\t\t\t<\/div>\n\t\t\t\t\t<\/div>\n\t\t<\/div>\n\t\t\t\t<div class=\"elementor-column elementor-col-25 elementor-top-column elementor-element elementor-element-9ce2918\" data-id=\"9ce2918\" data-element_type=\"column\" data-e-type=\"column\" data-settings=\"{&quot;background_background&quot;:&quot;classic&quot;}\">\n\t\t\t<div class=\"elementor-widget-wrap elementor-element-populated\">\n\t\t\t\t\t\t<div class=\"elementor-element elementor-element-de26408 elementor-widget elementor-widget-image\" data-id=\"de26408\" data-element_type=\"widget\" data-e-type=\"widget\" data-widget_type=\"image.default\">\n\t\t\t\t<div class=\"elementor-widget-container\">\n\t\t\t\t\t\t\t\t\t\t\t\t\t\t\t<img decoding=\"async\" width=\"64\" height=\"64\" src=\"https:\/\/mnkseguros.com\/mnks\/wp-content\/uploads\/2023\/07\/email.png\" class=\"attachment-full size-full wp-image-1525\" alt=\"\" \/>\t\t\t\t\t\t\t\t\t\t\t\t\t\t\t<\/div>\n\t\t\t\t<\/div>\n\t\t\t\t<div class=\"elementor-element elementor-element-7c9ae4c elementor-widget elementor-widget-heading\" data-id=\"7c9ae4c\" data-element_type=\"widget\" data-e-type=\"widget\" data-widget_type=\"heading.default\">\n\t\t\t\t<div class=\"elementor-widget-container\">\n\t\t\t\t\t<h4 class=\"elementor-heading-title elementor-size-default\">Correo <\/h4>\t\t\t\t<\/div>\n\t\t\t\t<\/div>\n\t\t\t\t<div class=\"elementor-element elementor-element-eb1910c elementor-align-center elementor-icon-list--layout-traditional elementor-list-item-link-full_width elementor-widget elementor-widget-icon-list\" data-id=\"eb1910c\" data-element_type=\"widget\" data-e-type=\"widget\" data-widget_type=\"icon-list.default\">\n\t\t\t\t<div class=\"elementor-widget-container\">\n\t\t\t\t\t\t\t<ul class=\"elementor-icon-list-items\">\n\t\t\t\t\t\t\t<li class=\"elementor-icon-list-item\">\n\t\t\t\t\t\t\t\t\t\t\t<a href=\"mailto:contacto@mnkseguros.com\">\n\n\t\t\t\t\t\t\t\t\t\t\t<span class=\"elementor-icon-list-text\">contacto@mnkseguros.com<\/span>\n\t\t\t\t\t\t\t\t\t\t\t<\/a>\n\t\t\t\t\t\t\t\t\t<\/li>\n\t\t\t\t\t\t<\/ul>\n\t\t\t\t\t\t<\/div>\n\t\t\t\t<\/div>\n\t\t\t\t\t<\/div>\n\t\t<\/div>\n\t\t\t\t<div class=\"elementor-column elementor-col-25 elementor-top-column elementor-element elementor-element-878eca5\" data-id=\"878eca5\" data-element_type=\"column\" data-e-type=\"column\" data-settings=\"{&quot;background_background&quot;:&quot;classic&quot;}\">\n\t\t\t<div class=\"elementor-widget-wrap elementor-element-populated\">\n\t\t\t\t\t\t<div class=\"elementor-element elementor-element-782693a elementor-widget elementor-widget-image\" data-id=\"782693a\" data-element_type=\"widget\" data-e-type=\"widget\" data-widget_type=\"image.default\">\n\t\t\t\t<div class=\"elementor-widget-container\">\n\t\t\t\t\t\t\t\t\t\t\t\t\t\t\t<img decoding=\"async\" width=\"64\" height=\"64\" src=\"https:\/\/mnkseguros.com\/mnks\/wp-content\/uploads\/2023\/07\/phone.png\" class=\"attachment-full size-full wp-image-1528\" alt=\"\" \/>\t\t\t\t\t\t\t\t\t\t\t\t\t\t\t<\/div>\n\t\t\t\t<\/div>\n\t\t\t\t<div class=\"elementor-element elementor-element-d5425e2 elementor-widget elementor-widget-heading\" data-id=\"d5425e2\" data-element_type=\"widget\" data-e-type=\"widget\" data-widget_type=\"heading.default\">\n\t\t\t\t<div class=\"elementor-widget-container\">\n\t\t\t\t\t<h4 class=\"elementor-heading-title elementor-size-default\">N\u00famero de tel\u00e9fono<\/h4>\t\t\t\t<\/div>\n\t\t\t\t<\/div>\n\t\t\t\t<div class=\"elementor-element elementor-element-c326099 elementor-align-center elementor-icon-list--layout-traditional elementor-list-item-link-full_width elementor-widget elementor-widget-icon-list\" data-id=\"c326099\" data-element_type=\"widget\" data-e-type=\"widget\" data-widget_type=\"icon-list.default\">\n\t\t\t\t<div class=\"elementor-widget-container\">\n\t\t\t\t\t\t\t<ul class=\"elementor-icon-list-items\">\n\t\t\t\t\t\t\t<li class=\"elementor-icon-list-item\">\n\t\t\t\t\t\t\t\t\t\t\t<a href=\"tel:(+506)%2041027600\">\n\n\t\t\t\t\t\t\t\t\t\t\t<span class=\"elementor-icon-list-text\">+506 41027600<\/span>\n\t\t\t\t\t\t\t\t\t\t\t<\/a>\n\t\t\t\t\t\t\t\t\t<\/li>\n\t\t\t\t\t\t<\/ul>\n\t\t\t\t\t\t<\/div>\n\t\t\t\t<\/div>\n\t\t\t\t\t<\/div>\n\t\t<\/div>\n\t\t\t\t<div class=\"elementor-column elementor-col-25 elementor-top-column elementor-element elementor-element-b614b1b\" data-id=\"b614b1b\" data-element_type=\"column\" data-e-type=\"column\" data-settings=\"{&quot;background_background&quot;:&quot;classic&quot;}\">\n\t\t\t<div class=\"elementor-widget-wrap elementor-element-populated\">\n\t\t\t\t\t\t<div class=\"elementor-element elementor-element-088855f elementor-widget elementor-widget-image\" data-id=\"088855f\" data-element_type=\"widget\" data-e-type=\"widget\" data-widget_type=\"image.default\">\n\t\t\t\t<div class=\"elementor-widget-container\">\n\t\t\t\t\t\t\t\t\t\t\t\t\t\t\t<img loading=\"lazy\" decoding=\"async\" width=\"64\" height=\"64\" src=\"https:\/\/mnkseguros.com\/mnks\/wp-content\/uploads\/2023\/07\/opening-hours.png\" class=\"attachment-full size-full wp-image-1527\" alt=\"\" \/>\t\t\t\t\t\t\t\t\t\t\t\t\t\t\t<\/div>\n\t\t\t\t<\/div>\n\t\t\t\t<div class=\"elementor-element elementor-element-2d302b7 elementor-widget elementor-widget-heading\" data-id=\"2d302b7\" data-element_type=\"widget\" data-e-type=\"widget\" data-widget_type=\"heading.default\">\n\t\t\t\t<div class=\"elementor-widget-container\">\n\t\t\t\t\t<h4 class=\"elementor-heading-title elementor-size-default\">Horario<\/h4>\t\t\t\t<\/div>\n\t\t\t\t<\/div>\n\t\t\t\t<div class=\"elementor-element elementor-element-28d9c5e elementor-widget elementor-widget-heading\" data-id=\"28d9c5e\" data-element_type=\"widget\" data-e-type=\"widget\" data-widget_type=\"heading.default\">\n\t\t\t\t<div class=\"elementor-widget-container\">\n\t\t\t\t\t<span class=\"elementor-heading-title elementor-size-default\">8:00 a.m. a 5:00 p.m. \nViernes de \n8:00 a.m. a 4:00 p.m.<\/span>\t\t\t\t<\/div>\n\t\t\t\t<\/div>\n\t\t\t\t\t<\/div>\n\t\t<\/div>\n\t\t\t\t\t<\/div>\n\t\t<\/section>\n\t\t\t\t<section class=\"elementor-section elementor-top-section elementor-element elementor-element-29b382c elementor-section-full_width elementor-section-height-default elementor-section-height-default\" data-id=\"29b382c\" data-element_type=\"section\" data-e-type=\"section\">\n\t\t\t\t\t\t<div class=\"elementor-container elementor-column-gap-no\">\n\t\t\t\t\t<div class=\"elementor-column elementor-col-100 elementor-top-column elementor-element elementor-element-1d77390\" data-id=\"1d77390\" data-element_type=\"column\" data-e-type=\"column\">\n\t\t\t<div class=\"elementor-widget-wrap elementor-element-populated\">\n\t\t\t\t\t\t<div class=\"elementor-element elementor-element-e7f5092 elementor-widget elementor-widget-google_maps\" data-id=\"e7f5092\" data-element_type=\"widget\" data-e-type=\"widget\" data-widget_type=\"google_maps.default\">\n\t\t\t\t<div class=\"elementor-widget-container\">\n\t\t\t\t\t\t\t<div class=\"elementor-custom-embed\">\n\t\t\t<iframe loading=\"lazy\"\n\t\t\t\t\tsrc=\"https:\/\/maps.google.com\/maps?q=MNK%20seguros&#038;t=m&#038;z=12&#038;output=embed&#038;iwloc=near\"\n\t\t\t\t\ttitle=\"MNK seguros\"\n\t\t\t\t\taria-label=\"MNK seguros\"\n\t\t\t><\/iframe>\n\t\t<\/div>\n\t\t\t\t\t\t<\/div>\n\t\t\t\t<\/div>\n\t\t\t\t\t<\/div>\n\t\t<\/div>\n\t\t\t\t\t<\/div>\n\t\t<\/section>\n\t\t\t\t<section class=\"elementor-section elementor-top-section elementor-element elementor-element-119b896 elementor-section-boxed elementor-section-height-default elementor-section-height-default\" data-id=\"119b896\" data-element_type=\"section\" data-e-type=\"section\">\n\t\t\t\t\t\t<div class=\"elementor-container elementor-column-gap-default\">\n\t\t\t\t\t<div class=\"elementor-column elementor-col-100 elementor-top-column elementor-element elementor-element-cb7d190\" data-id=\"cb7d190\" data-element_type=\"column\" data-e-type=\"column\" data-settings=\"{&quot;background_background&quot;:&quot;classic&quot;}\">\n\t\t\t<div class=\"elementor-widget-wrap elementor-element-populated\">\n\t\t\t\t\t\t<div class=\"elementor-element elementor-element-684bcf3 elementor-widget__width-initial elementor-widget-tablet__width-inherit elementor-widget elementor-widget-heading\" data-id=\"684bcf3\" data-element_type=\"widget\" data-e-type=\"widget\" data-widget_type=\"heading.default\">\n\t\t\t\t<div class=\"elementor-widget-container\">\n\t\t\t\t\t<h2 class=\"elementor-heading-title elementor-size-default\">Si necesit\u00e1s m\u00e1s informaci\u00f3n o ten\u00e9s alguna consulta, contactanos a trav\u00e9s del siguiente formulario:<\/h2>\t\t\t\t<\/div>\n\t\t\t\t<\/div>\n\t\t\t\t<div class=\"elementor-element elementor-element-129c038 elementor-widget elementor-widget-shortcode\" data-id=\"129c038\" data-element_type=\"widget\" data-e-type=\"widget\" data-widget_type=\"shortcode.default\">\n\t\t\t\t<div class=\"elementor-widget-container\">\n\t\t\t\t\t\t\t<div class=\"elementor-shortcode\">\n<div class=\"wpcf7 no-js\" id=\"wpcf7-f22504-o1\" lang=\"es-ES\" dir=\"ltr\" data-wpcf7-id=\"22504\">\n<div class=\"screen-reader-response\"><p role=\"status\" aria-live=\"polite\" aria-atomic=\"true\"><\/p> <ul><\/ul><\/div>\n<form action=\"\/mnks\/wp-json\/wp\/v2\/pages\/69#wpcf7-f22504-o1\" method=\"post\" class=\"wpcf7-form init\" aria-label=\"Formulario de contacto\" novalidate=\"novalidate\" data-status=\"init\">\n<fieldset class=\"hidden-fields-container\"><input type=\"hidden\" name=\"_wpcf7\" value=\"22504\" \/><input type=\"hidden\" name=\"_wpcf7_version\" value=\"6.1.5\" \/><input type=\"hidden\" name=\"_wpcf7_locale\" value=\"es_ES\" \/><input type=\"hidden\" name=\"_wpcf7_unit_tag\" value=\"wpcf7-f22504-o1\" \/><input type=\"hidden\" name=\"_wpcf7_container_post\" value=\"0\" \/><input type=\"hidden\" name=\"_wpcf7_posted_data_hash\" value=\"\" \/>\n<\/fieldset>\n<style>\n    @import url('https:\/\/fonts.googleapis.com\/css2?family=Montserrat:wght@400;500;600;700&display=swap');\n\n    \/* Contenedor principal con estilo tarjeta premium *\/\n    .form-premium-centrado {\n        max-width: 500px; \n        margin: 0 auto; \n        padding: 40px 30px;\n        text-align: center; \n        font-family: 'Montserrat', sans-serif; \n        background-color: #ffffff;\n        border-radius: 12px;\n        box-shadow: 0 10px 30px rgba(0, 96, 97, 0.08); \n        border-top: 4px solid #006061;\n    }\n\n    \/* Etiquetas estilizadas (Formato normal) *\/\n    .form-premium-centrado label {\n        display: block;\n        margin-bottom: 24px; \n        width: 100%;\n        color: #006061; \n        font-weight: 700;\n        font-size: 14px;\n        letter-spacing: 0.5px;\n    }\n\n    \/* Inputs modernos y Textarea con efecto focus (resaltado) *\/\n    .form-premium-centrado input:not([type=\"submit\"]):not([type=\"file\"]),\n    .form-premium-centrado select,\n    .form-premium-centrado textarea {\n        font-family: 'Montserrat', sans-serif; \n        font-size: 15px;\n        color: #333333;\n        width: 100%;\n        box-sizing: border-box;\n        padding: 14px; \n        margin-top: 10px; \n        text-align: center; \n        text-align-last: center; \n        border: 2px solid #eef2f2; \n        border-radius: 8px; \n        outline: none;\n        background-color: #f8fbfb;\n        transition: all 0.3s ease;\n    }\n\n    \/* Ajuste espec\u00edfico para la caja del mensaje *\/\n    .form-premium-centrado textarea {\n        min-height: 120px; \n        resize: vertical; \n    }\n\n    .form-premium-centrado input:not([type=\"submit\"]):not([type=\"file\"]):focus,\n    .form-premium-centrado select:focus,\n    .form-premium-centrado textarea:focus {\n        border-color: #008e97;\n        background-color: #ffffff;\n        box-shadow: 0 0 10px rgba(0, 142, 151, 0.1);\n    }\n\n    \/* Bot\u00f3n de env\u00edo principal *\/\n    .form-premium-centrado .wpcf7-submit {\n        font-family: 'Montserrat', sans-serif;\n        font-weight: 600; \n        font-size: 16px;\n        display: inline-block; \n        width: auto; \n        min-width: 220px; \n        margin: 15px auto 0 auto; \n        padding: 15px 40px;\n        background-color: #006061; \n        color: #ffffff; \n        border: none; \n        border-radius: 8px;\n        cursor: pointer;\n        text-transform: none !important; \n        letter-spacing: 1px; \n        box-shadow: 0 4px 15px rgba(0, 96, 97, 0.3);\n        transition: all 0.3s ease;\n    }\n\n    .form-premium-centrado .wpcf7-submit:hover {\n        background-color: #008e97;\n        box-shadow: 0 6px 20px rgba(0, 142, 151, 0.4);\n        transform: translateY(-2px);\n    }\n\n    \/* Mensajes de respuesta est\u00e1ndar *\/\n    .wpcf7-response-output {\n        border: none !important; \n        padding: 15px !important;\n        margin: 25px 0 0 0 !important;\n        text-align: center !important; \n        color: #006061 !important; \n        font-size: 14px;\n        font-weight: 600;\n        background-color: #eaf1f1 !important;\n        border-radius: 8px !important;\n    }\n\n    .wpcf7-not-valid-tip {\n        color: #e74c3c !important; \n        text-align: center;\n        font-size: 12px;\n        font-weight: 500;\n        margin-top: 8px;\n    }\n\n    .form-premium-centrado .wpcf7-spinner {\n        position: absolute;\n    }\n<\/style>\n\n<div class=\"form-premium-centrado\">\n    <label> Nombre y apellidos:\n        <span class=\"wpcf7-form-control-wrap\" data-name=\"your-name\"><input size=\"40\" maxlength=\"400\" class=\"wpcf7-form-control wpcf7-text wpcf7-validates-as-required\" autocomplete=\"name\" aria-required=\"true\" aria-invalid=\"false\" value=\"\" type=\"text\" name=\"your-name\" \/><\/span> \n    <\/label>\n\n    <label> N\u00famero de tel\u00e9fono:\n        <span class=\"wpcf7-form-control-wrap\" data-name=\"your-phone\"><input size=\"40\" maxlength=\"400\" class=\"wpcf7-form-control wpcf7-tel wpcf7-validates-as-required wpcf7-text wpcf7-validates-as-tel\" autocomplete=\"tel\" aria-required=\"true\" aria-invalid=\"false\" value=\"\" type=\"tel\" name=\"your-phone\" \/><\/span> \n    <\/label>\n\n    <label> Correo electr\u00f3nico:\n        <span class=\"wpcf7-form-control-wrap\" data-name=\"your-email\"><input size=\"40\" maxlength=\"400\" class=\"wpcf7-form-control wpcf7-email wpcf7-validates-as-required wpcf7-text wpcf7-validates-as-email\" autocomplete=\"email\" aria-required=\"true\" aria-invalid=\"false\" value=\"\" type=\"email\" name=\"your-email\" \/><\/span> \n    <\/label>\n\n    <label> Asunto:\n        <span class=\"wpcf7-form-control-wrap\" data-name=\"your-message\"><textarea cols=\"40\" rows=\"10\" maxlength=\"2000\" class=\"wpcf7-form-control wpcf7-textarea\" aria-invalid=\"false\" name=\"your-message\"><\/textarea><\/span> \n    <\/label>\n\n    <input class=\"wpcf7-form-control wpcf7-submit has-spinner\" type=\"submit\" value=\"Enviar\" \/>\n<\/div><div class=\"wpcf7-response-output\" aria-hidden=\"true\"><\/div>\n<\/form>\n<\/div>\n<\/div>\n\t\t\t\t\t\t<\/div>\n\t\t\t\t<\/div>\n\t\t\t\t\t<\/div>\n\t\t<\/div>\n\t\t\t\t\t<\/div>\n\t\t<\/section>\n\t\t\t\t<\/div>\n\t\t","protected":false},"excerpt":{"rendered":"<p>Direcci\u00f3n San Jos\u00e9, Sabana norte, 100 metros al este de la agencia Datsun-Nissan, edificio MNK Seguros Correo contacto@mnkseguros.com N\u00famero de tel\u00e9fono +506 41027600 Horario 8:00 a.m. a 5:00 p.m. Viernes de 8:00 a.m. a 4:00 p.m. Si necesit\u00e1s m\u00e1s informaci\u00f3n o ten\u00e9s alguna consulta, contactanos a trav\u00e9s del siguiente formulario:<\/p>\n","protected":false},"author":2,"featured_media":0,"parent":0,"menu_order":0,"comment_status":"closed","ping_status":"closed","template":"page-builder.php","meta":{"_acf_changed":false,"inline_featured_image":false,"footnotes":""},"class_list":["post-69","page","type-page","status-publish","hentry"],"acf":[],"_links":{"self":[{"href":"https:\/\/mnkseguros.com\/mnks\/wp-json\/wp\/v2\/pages\/69","targetHints":{"allow":["GET"]}}],"collection":[{"href":"https:\/\/mnkseguros.com\/mnks\/wp-json\/wp\/v2\/pages"}],"about":[{"href":"https:\/\/mnkseguros.com\/mnks\/wp-json\/wp\/v2\/types\/page"}],"author":[{"embeddable":true,"href":"https:\/\/mnkseguros.com\/mnks\/wp-json\/wp\/v2\/users\/2"}],"replies":[{"embeddable":true,"href":"https:\/\/mnkseguros.com\/mnks\/wp-json\/wp\/v2\/comments?post=69"}],"version-history":[{"count":71,"href":"https:\/\/mnkseguros.com\/mnks\/wp-json\/wp\/v2\/pages\/69\/revisions"}],"predecessor-version":[{"id":22568,"href":"https:\/\/mnkseguros.com\/mnks\/wp-json\/wp\/v2\/pages\/69\/revisions\/22568"}],"wp:attachment":[{"href":"https:\/\/mnkseguros.com\/mnks\/wp-json\/wp\/v2\/media?parent=69"}],"curies":[{"name":"wp","href":"https:\/\/api.w.org\/{rel}","templated":true}]}}